{"id":3874,"date":"2018-06-11T13:07:01","date_gmt":"2018-06-11T11:07:01","guid":{"rendered":"http:\/\/korfez-eng.de\/de\/?page_id=3874"},"modified":"2018-06-11T13:07:01","modified_gmt":"2018-06-11T11:07:01","slug":"datenschutz","status":"publish","type":"page","link":"https:\/\/korfez-eng.de\/de\/datenschutz\/","title":{"rendered":"Datenschutz"},"content":{"rendered":"<\/div><\/section><section  class=\"wpb_row vc_row-fluid full-row\">\n\t<div class=\"vc_span12 wpb_column column_container\">\n\t\t<div class=\"wpb_wrapper\">\n\t\t\t <div class=\"wpb_layerslider_element wpb_content_element\"><script type=\"text\/javascript\">var lsjQuery = jQuery;<\/script><script type=\"text\/javascript\"> lsjQuery(document).ready(function() { if(typeof lsjQuery.fn.layerSlider == \"undefined\") { lsShowNotice('layerslider_1','jquery'); } else { lsjQuery(\"#layerslider_1\").layerSlider({responsiveUnder: 1200, layersContainer: 1200, showCircleTimer: false, skinsPath: 'https:\/\/korfez-eng.de\/de\/wp-content\/plugins\/LayerSlider\/static\/skins\/'}) } }); <\/script><div id=\"layerslider_1\" class=\"ls-wp-container\" style=\"width:100%;height:532px;margin:0 auto;border-bottom:1px solid #d6d6d6;\"><div class=\"ls-slide\" data-ls=\"transition2d:11;\"><img src=\"https:\/\/korfez-eng.de\/de\/wp-content\/plugins\/LayerSlider\/static\/img\/blank.gif\" data-src=\"https:\/\/korfez-eng.de\/de\/wp-content\/uploads\/sites\/2\/2014\/08\/Header_Lieferprogramm.jpg\" class=\"ls-bg\" alt=\"Slide background\" \/><div class=\"ls-l\" style=\"top:0px;left:0px;white-space: nowrap;\"><\/div><p class=\"ls-l\" style=\"top:366px;left:489px;white-space: nowrap;\"><a class=\"button red ls-s8\" href=\"https:\/\/korfez-eng.de\/de\/lieferprogramm\/\" style=\"color:#fff; letter-spacing:1.5px; border-color:#253042;\">ZU UNSEREM LIEFERPROGRAMM<\/a><\/p><\/div><div class=\"ls-slide\" data-ls=\"transition2d:11;\"><img src=\"https:\/\/korfez-eng.de\/de\/wp-content\/plugins\/LayerSlider\/static\/img\/blank.gif\" data-src=\"https:\/\/korfez-eng.de\/de\/wp-content\/uploads\/sites\/2\/2014\/08\/Unternehmen_Header1.jpg\" class=\"ls-bg\" alt=\"Slide background\" \/><img class=\"ls-l\" style=\"top:0px;left:0px;white-space: nowrap;\" src=\"https:\/\/korfez-eng.de\/de\/wp-content\/plugins\/LayerSlider\/static\/img\/blank.gif\" data-src=\"https:\/\/korfez-eng.de\/de\/wp-content\/uploads\/sites\/2\/2014\/08\/Layout_05_Unternehmen1.png\" alt=\"\"><div class=\"ls-l\" style=\"top:365px;left:578px;white-space: nowrap;\"><a class=\"button red ls-s8\" href=\"https:\/\/korfez-eng.de\/de\/unternehmen\/\" style=\"color:#fff; letter-spacing:1.5px; border-color:#253042;\">DAS UNTERNEHMEN<\/a> <\/div><\/div><div class=\"ls-slide\" data-ls=\"transition2d:11;\"><img src=\"https:\/\/korfez-eng.de\/de\/wp-content\/plugins\/LayerSlider\/static\/img\/blank.gif\" data-src=\"https:\/\/korfez-eng.de\/de\/wp-content\/uploads\/sites\/2\/2014\/08\/Service_Header1.jpg\" class=\"ls-bg\" alt=\"Slide background\" \/><img class=\"ls-l\" style=\"top:-16px;left:-754px;white-space: nowrap;\" src=\"https:\/\/korfez-eng.de\/de\/wp-content\/plugins\/LayerSlider\/static\/img\/blank.gif\" data-src=\"https:\/\/korfez-eng.de\/de\/wp-content\/uploads\/sites\/2\/2014\/08\/Layout_05_Services1.png\" alt=\"\"><div class=\"ls-l\" style=\"top:386px;left:307px;white-space: nowrap;\"><a class=\"button red ls-s8\" href=\"https:\/\/korfez-eng.de\/de\/dienstleistungen\/\" style=\"color:#fff; letter-spacing:1.5px; border-color:#253042;\">ZU UNSEREN DIENSTLEISTUNGEN<\/a> <\/div><\/div><div class=\"ls-slide\" data-ls=\" transition2d: all;\"><img src=\"https:\/\/korfez-eng.de\/de\/wp-content\/plugins\/LayerSlider\/static\/img\/blank.gif\" data-src=\"https:\/\/korfez-eng.de\/de\/wp-content\/uploads\/sites\/2\/2014\/09\/Header_Kontakt.png\" class=\"ls-bg\" alt=\"Slide background\" \/><img class=\"ls-l\" style=\"top:0px;left:0px;white-space: nowrap;\" src=\"https:\/\/korfez-eng.de\/de\/wp-content\/plugins\/LayerSlider\/static\/img\/blank.gif\" data-src=\"https:\/\/korfez-eng.de\/de\/wp-content\/uploads\/sites\/2\/2014\/09\/Header_Kontakt_Text_DE1.png\" alt=\"\"><div class=\"ls-l\" style=\"top:363px;left:510px;white-space: nowrap;\"><a class=\"button red ls-s8\" href=\"https:\/\/korfez-eng.de\/de\/contact-2\/\" style=\"color:#fff; letter-spacing:1.5px; border-color:#253042;\">UNSER KONTAKTFORMULAR<\/a> <\/div><\/div><\/div><\/div>\n\n\t\t<\/div> \n\t<\/div> \n<\/section><section class=\"container\"><div class=\"row-wrapper-x\"><section class=\"wpb_row vc_row-fluid\">\n\t<div class=\"vc_span12 wpb_column column_container\">\n\t\t<div class=\"wpb_wrapper\">\n\t\t\t<hr class=\"vertical-space1\">\n\t\t<\/div> \n\t<\/div> \n<\/section><section class=\"wpb_row vc_row-fluid\"><\/section>\n\t<div class=\"vc_span12 wpb_column column_container\">\n\t\t<div class=\"wpb_wrapper\">\n\t\t\t\n\t\t<\/div> \n\t<\/div> \n\n\t<div class=\"wpb_text_column wpb_content_element \">\n\t\t<div class=\"wpb_wrapper\">\n\t\t\t\n\t\t<\/div> \n\t<\/div> \n<h4>Datenschutzerkl\u00e4rung<\/h4>\n<p>Verantwortliche Stelle im Sinne der Datenschutzgesetze, insbesondere der EU-Datenschutzgrundverordnung (DSGVO), ist:<\/p>\n<p>KORFEZ ENG.<br \/>\nInhaber: Bj\u00f6rn Heumann<br \/>\nFranz-Liszt-Str. 3<br \/>\nD-59269 Beckum \/ Germany<\/p>\n<h4>Ihre Betroffenenrechte<\/h4>\n<p>Unter den angegebenen Kontaktdaten unseres Datenschutzbeauftragten k\u00f6nnen Sie jederzeit folgende Rechte aus\u00fcben:<\/p>\n<p>&#8211; Auskunft \u00fcber Ihre bei uns gespeicherten Daten und deren Verarbeitung,<br \/>\n&#8211; Berichtigung unrichtiger personenbezogener Daten,<br \/>\n&#8211; L\u00f6schung Ihrer bei uns gespeicherten Daten,<br \/>\n&#8211; Einschr\u00e4nkung der Datenverarbeitung, sofern wir Ihre Daten aufgrund gesetzlicher Pflichten noch nicht l\u00f6schen d\u00fcrfen,<br \/>\n&#8211; Widerspruch gegen die Verarbeitung Ihrer Daten bei uns und<br \/>\n&#8211; Daten\u00fcbertragbarkeit, sofern Sie in die Datenverarbeitung eingewilligt haben oder einen Vertrag mit uns abgeschlossen haben.<\/p>\n<p>Sofern Sie uns eine Einwilligung erteilt haben, k\u00f6nnen Sie diese jederzeit mit Wirkung f\u00fcr die Zukunft widerrufen.<\/p>\n<p>Sie k\u00f6nnen sich jederzeit mit einer Beschwerde an die f\u00fcr Sie zust\u00e4ndige Aufsichtsbeh\u00f6rde wenden. Ihre zust\u00e4ndige Aufsichtsbeh\u00f6rde richtet sich nach dem Bundesland Ihres Wohnsitzes, Ihrer Arbeit oder der mutma\u00dflichen Verletzung. Eine Liste der Aufsichtsbeh\u00f6rden (f\u00fcr den nicht\u00f6ffentlichen Bereich) mit Anschrift finden Sie unter: <a href=\"https:\/\/www.bfdi.bund.de\/DE\/Infothek\/Anschriften_Links\/anschriften_links-node.html\" target=\"_blank\" rel=\"noopener\">https:\/\/www.bfdi.bund.de\/DE\/Infothek\/Anschriften_Links\/anschriften_links-node.html<\/a>.<\/p>\n<h4>Zwecke der Datenverarbeitung durch die verantwortliche Stelle und Dritte<\/h4>\n<p>Wir verarbeiten Ihre personenbezogenen Daten nur zu den in dieser Datenschutzerkl\u00e4rung genannten Zwecken. Eine \u00dcbermittlung Ihrer pers\u00f6nlichen Daten an Dritte zu anderen als den genannten Zwecken findet nicht statt. Wir geben Ihre pers\u00f6nlichen Daten nur an Dritte weiter, wenn:<\/p>\n<p>&#8211; Sie Ihre ausdr\u00fcckliche Einwilligung dazu erteilt haben,<br \/>\n&#8211; die Verarbeitung zur Abwicklung eines Vertrags mit Ihnen erforderlich ist,<br \/>\n&#8211; die Verarbeitung zur Erf\u00fcllung einer rechtlichen Verpflichtung erforderlich ist,<\/p>\n<p>die Verarbeitung zur Wahrung berechtigter Interessen erforderlich ist und kein Grund zur Annahme besteht, dass Sie ein \u00fcberwiegendes schutzw\u00fcrdiges Interesse an der Nichtweitergabe Ihrer Daten haben.<\/p>\n<h4>L\u00f6schung bzw. Sperrung der Daten<\/h4>\n<p>Wir halten uns an die Grunds\u00e4tze der Datenvermeidung und Datensparsamkeit. Wir speichern Ihre personenbezogenen Daten daher nur so lange, wie dies zur Erreichung der hier genannten Zwecke erforderlich ist oder wie es die vom Gesetzgeber vorgesehenen vielf\u00e4ltigen Speicherfristen vorsehen. Nach Fortfall des jeweiligen Zweckes bzw. Ablauf dieser Fristen werden die entsprechenden Daten routinem\u00e4\u00dfig und entsprechend den gesetzlichen Vorschriften gesperrt oder gel\u00f6scht.<\/p>\n<h4>SSL-Verschl\u00fcsselung<\/h4>\n<p>Um die Sicherheit Ihrer Daten bei der \u00dcbertragung zu sch\u00fctzen, verwenden wir dem aktuellen Stand der Technik entsprechende Verschl\u00fcsselungsverfahren (z. B. SSL) \u00fcber HTTPS.<\/p>\n<h4>Kontaktformular<\/h4>\n<p>Treten Sie bzgl. Fragen jeglicher Art per E-Mail oder Kontaktformular mit uns in Kontakt, erteilen Sie uns zum Zwecke der Kontaktaufnahme Ihre freiwillige Einwilligung. Hierf\u00fcr ist die Angabe einer validen E-Mail-Adresse erforderlich. Diese dient der Zuordnung der Anfrage und der anschlie\u00dfenden Beantwortung derselben. Die Angabe weiterer Daten ist optional. Die von Ihnen gemachten Angaben werden zum Zwecke der Bearbeitung der Anfrage sowie f\u00fcr m\u00f6gliche Anschlussfragen gespeichert. Nach Erledigung der von Ihnen gestellten Anfrage werden personenbezogene Daten automatisch gel\u00f6scht.<\/p>\n<h4>Verwendung von Scriptbibliotheken (Google Webfonts)<\/h4>\n<p>Um unsere Inhalte browser\u00fcbergreifend korrekt und grafisch ansprechend darzustellen, verwenden wir auf dieser Website Scriptbibliotheken und Schriftbibliotheken wie z. B. Google Webfonts (<a href=\"http:\/\/www.google.com\/webfonts\/\" target=\"_blank\" rel=\"noopener\">https:\/\/www.google.com\/webfonts\/<\/a>). Google Webfonts werden zur Vermeidung mehrfachen Ladens in den Cache Ihres Browsers \u00fcbertragen. Falls der Browser die Google Webfonts nicht unterst\u00fctzt oder den Zugriff unterbindet, werden Inhalte in einer Standardschrift angezeigt.<\/p>\n<p>Der Aufruf von Scriptbibliotheken oder Schriftbibliotheken l\u00f6st automatisch eine Verbindung zum Betreiber der Bibliothek aus. Dabei ist es theoretisch m\u00f6glich \u2013 aktuell allerdings auch unklar ob und ggf. zu welchen Zwecken \u2013 dass Betreiber entsprechender Bibliotheken Daten erheben.<\/p>\n<p>Die Datenschutzrichtlinie des Bibliothekbetreibers Google finden Sie hier: <a href=\"https:\/\/www.google.com\/policies\/privacy\/\" target=\"_blank\" rel=\"noopener\">https:\/\/www.google.com\/policies\/privacy\/<\/a><\/p>\n<h4>\u00c4nderung unserer Datenschutzbestimmungen<\/h4>\n<p>Wir behalten uns vor, diese Datenschutzerkl\u00e4rung anzupassen, damit sie stets den aktuellen rechtlichen Anforderungen entspricht oder um \u00c4nderungen unserer Leistungen in der Datenschutzerkl\u00e4rung umzusetzen, z.B. bei der Einf\u00fchrung neuer Services. F\u00fcr Ihren erneuten Besuch gilt dann die neue Datenschutzerkl\u00e4rung.<\/p>\n<h4>Fragen an den Datenschutzbeauftragten<\/h4>\n<p>Wenn Sie Fragen zum Datenschutz haben, schreiben Sie uns bitte eine E-Mail oder wenden Sie sich direkt an die f\u00fcr den Datenschutz verantwortliche Person in unserer Organisation: Bj\u00f6rn Heumann<\/p>\n<p><em>Die Datenschutzerkl\u00e4rung wurde mit dem <\/em><a href=\"https:\/\/www.activemind.de\/datenschutz\/datenschutzhinweis-generator\/\" target=\"_blank\" rel=\"noopener\"><em>Datenschutzerkl\u00e4rungs-Generator der activeMind AG erstellt<\/em><\/a><em>.<\/em><\/p>\n","protected":false},"excerpt":{"rendered":"<p>Datenschutzerkl\u00e4rung Verantwortliche Stelle im Sinne der Datenschutzgesetze, insbesondere der EU-Datenschutzgrundverordnung (DSGVO), ist: KORFEZ ENG. Inhaber: Bj\u00f6rn Heumann Franz-Liszt-Str. 3 D-59269 Beckum \/ Germany Ihre Betroffenenrechte Unter den angegebenen Kontaktdaten unseres Datenschutzbeauftragten k\u00f6nnen Sie jederzeit folgende Rechte aus\u00fcben: &#8211; Auskunft \u00fcber Ihre bei uns gespeicherten Daten und deren Verarbeitung, &#8211; Berichtigung unrichtiger personenbezogener Daten, &#8211; L\u00f6schung Ihrer bei uns gespeicherten Daten, &#8211; Einschr\u00e4nkung der Datenverarbeitung,&#8230; <\/p>\n<p><a class=\"readmore\" href=\"https:\/\/korfez-eng.de\/de\/datenschutz\/\">Read More<\/a><\/p>\n","protected":false},"author":1,"featured_media":0,"parent":0,"menu_order":0,"comment_status":"closed","ping_status":"closed","template":"","meta":[],"_links":{"self":[{"href":"https:\/\/korfez-eng.de\/de\/wp-json\/wp\/v2\/pages\/3874"}],"collection":[{"href":"https:\/\/korfez-eng.de\/de\/wp-json\/wp\/v2\/pages"}],"about":[{"href":"https:\/\/korfez-eng.de\/de\/wp-json\/wp\/v2\/types\/page"}],"author":[{"embeddable":true,"href":"https:\/\/korfez-eng.de\/de\/wp-json\/wp\/v2\/users\/1"}],"replies":[{"embeddable":true,"href":"https:\/\/korfez-eng.de\/de\/wp-json\/wp\/v2\/comments?post=3874"}],"version-history":[{"count":3,"href":"https:\/\/korfez-eng.de\/de\/wp-json\/wp\/v2\/pages\/3874\/revisions"}],"predecessor-version":[{"id":3877,"href":"https:\/\/korfez-eng.de\/de\/wp-json\/wp\/v2\/pages\/3874\/revisions\/3877"}],"wp:attachment":[{"href":"https:\/\/korfez-eng.de\/de\/wp-json\/wp\/v2\/media?parent=3874"}],"curies":[{"name":"wp","href":"https:\/\/api.w.org\/{rel}","templated":true}]}}