{"id":3393,"date":"2014-08-22T14:29:56","date_gmt":"2014-08-22T12:29:56","guid":{"rendered":"http:\/\/korfez-eng.de\/de\/?page_id=3393"},"modified":"2017-01-17T17:32:11","modified_gmt":"2017-01-17T15:32:11","slug":"unternehmen","status":"publish","type":"page","link":"https:\/\/korfez-eng.de\/de\/unternehmen\/","title":{"rendered":"Unternehmen"},"content":{"rendered":"<\/div><\/section><section  class=\"wpb_row vc_row-fluid full-row\">\n\t<div class=\"vc_span12 wpb_column column_container\">\n\t\t<div class=\"wpb_wrapper\">\n\t\t\t <div class=\"wpb_layerslider_element wpb_content_element\"><script type=\"text\/javascript\">var lsjQuery = jQuery;<\/script><script type=\"text\/javascript\"> lsjQuery(document).ready(function() { if(typeof lsjQuery.fn.layerSlider == \"undefined\") { lsShowNotice('layerslider_1','jquery'); } else { lsjQuery(\"#layerslider_1\").layerSlider({responsiveUnder: 1200, layersContainer: 1200, showCircleTimer: false, skinsPath: 'https:\/\/korfez-eng.de\/de\/wp-content\/plugins\/LayerSlider\/static\/skins\/'}) } }); <\/script><div id=\"layerslider_1\" class=\"ls-wp-container\" style=\"width:100%;height:532px;margin:0 auto;border-bottom:1px solid #d6d6d6;\"><div class=\"ls-slide\" data-ls=\"transition2d:11;\"><img src=\"https:\/\/korfez-eng.de\/de\/wp-content\/plugins\/LayerSlider\/static\/img\/blank.gif\" data-src=\"https:\/\/korfez-eng.de\/de\/wp-content\/uploads\/sites\/2\/2014\/08\/Header_Lieferprogramm.jpg\" class=\"ls-bg\" alt=\"Slide background\" \/><div class=\"ls-l\" style=\"top:0px;left:0px;white-space: nowrap;\"><\/div><p class=\"ls-l\" style=\"top:366px;left:489px;white-space: nowrap;\"><a class=\"button red ls-s8\" href=\"https:\/\/korfez-eng.de\/de\/lieferprogramm\/\" style=\"color:#fff; letter-spacing:1.5px; border-color:#253042;\">ZU UNSEREM LIEFERPROGRAMM<\/a><\/p><\/div><div class=\"ls-slide\" data-ls=\"transition2d:11;\"><img src=\"https:\/\/korfez-eng.de\/de\/wp-content\/plugins\/LayerSlider\/static\/img\/blank.gif\" data-src=\"https:\/\/korfez-eng.de\/de\/wp-content\/uploads\/sites\/2\/2014\/08\/Unternehmen_Header1.jpg\" class=\"ls-bg\" alt=\"Slide background\" \/><img class=\"ls-l\" style=\"top:0px;left:0px;white-space: nowrap;\" src=\"https:\/\/korfez-eng.de\/de\/wp-content\/plugins\/LayerSlider\/static\/img\/blank.gif\" data-src=\"https:\/\/korfez-eng.de\/de\/wp-content\/uploads\/sites\/2\/2014\/08\/Layout_05_Unternehmen1.png\" alt=\"\"><div class=\"ls-l\" style=\"top:365px;left:578px;white-space: nowrap;\"><a class=\"button red ls-s8\" href=\"https:\/\/korfez-eng.de\/de\/unternehmen\/\" style=\"color:#fff; letter-spacing:1.5px; border-color:#253042;\">DAS UNTERNEHMEN<\/a> <\/div><\/div><div class=\"ls-slide\" data-ls=\"transition2d:11;\"><img src=\"https:\/\/korfez-eng.de\/de\/wp-content\/plugins\/LayerSlider\/static\/img\/blank.gif\" data-src=\"https:\/\/korfez-eng.de\/de\/wp-content\/uploads\/sites\/2\/2014\/08\/Service_Header1.jpg\" class=\"ls-bg\" alt=\"Slide background\" \/><img class=\"ls-l\" style=\"top:-16px;left:-754px;white-space: nowrap;\" src=\"https:\/\/korfez-eng.de\/de\/wp-content\/plugins\/LayerSlider\/static\/img\/blank.gif\" data-src=\"https:\/\/korfez-eng.de\/de\/wp-content\/uploads\/sites\/2\/2014\/08\/Layout_05_Services1.png\" alt=\"\"><div class=\"ls-l\" style=\"top:386px;left:307px;white-space: nowrap;\"><a class=\"button red ls-s8\" href=\"https:\/\/korfez-eng.de\/de\/dienstleistungen\/\" style=\"color:#fff; letter-spacing:1.5px; border-color:#253042;\">ZU UNSEREN DIENSTLEISTUNGEN<\/a> <\/div><\/div><div class=\"ls-slide\" data-ls=\" transition2d: all;\"><img src=\"https:\/\/korfez-eng.de\/de\/wp-content\/plugins\/LayerSlider\/static\/img\/blank.gif\" data-src=\"https:\/\/korfez-eng.de\/de\/wp-content\/uploads\/sites\/2\/2014\/09\/Header_Kontakt.png\" class=\"ls-bg\" alt=\"Slide background\" \/><img class=\"ls-l\" style=\"top:0px;left:0px;white-space: nowrap;\" src=\"https:\/\/korfez-eng.de\/de\/wp-content\/plugins\/LayerSlider\/static\/img\/blank.gif\" data-src=\"https:\/\/korfez-eng.de\/de\/wp-content\/uploads\/sites\/2\/2014\/09\/Header_Kontakt_Text_DE1.png\" alt=\"\"><div class=\"ls-l\" style=\"top:363px;left:510px;white-space: nowrap;\"><a class=\"button red ls-s8\" href=\"https:\/\/korfez-eng.de\/de\/contact-2\/\" style=\"color:#fff; letter-spacing:1.5px; border-color:#253042;\">UNSER KONTAKTFORMULAR<\/a> <\/div><\/div><\/div><\/div>\n\n\t\t<\/div> \n\t<\/div> \n<\/section><section class=\"container\"><div class=\"row-wrapper-x\"><section class=\"wpb_row vc_row-fluid\">\n\t<div class=\"vc_span12 wpb_column column_container\">\n\t\t<div class=\"wpb_wrapper\">\n\t\t\t<hr class=\"vertical-space1\">\n\t\t<\/div> \n\t<\/div> \n<\/section><section class=\"wpb_row vc_row-fluid\">\n\t<div class=\"vc_span6 wpb_column column_container\">\n\t\t<div class=\"wpb_wrapper\">\n\t\t\t\n\t<div class=\"wpb_single_image wpb_content_element vc_align_left\">\n\t\t<div class=\"wpb_wrapper\">\n\t\t\t\n\t\t\t<img class=\" vc_box_border_grey \" src=\"https:\/\/korfez-eng.de\/de\/wp-content\/uploads\/sites\/2\/2014\/08\/Unternehmen_Giesserei-506x712.jpg\" width=\"506\" height=\"712\" alt=\"Korfez_Giesserei\" \/>\n\t\t<\/div> \n\t<\/div> \n\t\t<\/div> \n\t<\/div> \n\n\t<div class=\"vc_span6 wpb_column column_container\">\n\t\t<div class=\"wpb_wrapper\">\n\t\t\t<h2 class=\"mex-title\">Das Unternehmen<\/h2>\n\t<div class=\"wpb_text_column wpb_content_element \">\n\t\t<div class=\"wpb_wrapper\">\n\t\t\t<p>Wir als Vertriebsb\u00fcro KORFEZ ENG. mit Sitz in Neubeckum sind Ihr Ansprechpartner f\u00fcr die l\u00f6sungsorientierte technische Beratung und den Vertrieb von hochlegierten verschlei\u00df- und hitzebst\u00e4ndigen Stahlguss f\u00fcr die Zement- und Mining-Industrie.<\/p>\n<p>Unser Partner, die t\u00fcrkische Gie\u00dferei KORFEZ DOKUM, ans\u00e4ssig in der N\u00e4he von Istanbul, produziert seit 1988 auf \u00fcber 12.000 m\u00b2 bebauter Fl\u00e4che Stahlgussteile mit einem Gewicht von 0.500 kg bis 6.000 kg. 300 Mitarbeiter erzielen hier eine Leistung von ca. 10.000 Tonnen Stahlguss im Jahr.<\/p>\n<p>Eine umfassende Betreuung zur Zufriedenheit unserer Kunden hat bei uns uneingeschr\u00e4nkte Priorit\u00e4t. Zum Aufbau langfristiger Gesch\u00e4ftsbeziehungen fungieren wir als Schnittstelle und sorgen so f\u00fcr klare Zust\u00e4ndigkeiten, einen koordinierten Kundenkontakt und Unterst\u00fctzung f\u00fcr alle Vertriebsaktivit\u00e4ten weltweit.<\/p>\n<p>Ab dem Jahre 2011 spezialisierte sich KORFEZ ENG. zunehmend auf das Engineering und die Fertigung von Systemkomponenten, insbesondere Mantelpanzerungen und M\u00fchlenw\u00e4nde f\u00fcr Kugelm\u00fchlen in der Zement- und Mining-Industrie. Korfez Eng. konzipiert und konstruiert Mahlsystem-L\u00f6sungen, die exakt auf ihre konkreten Bed\u00fcrfnisse zugeschnitten sind.<br \/>\nWir betrachten dabei jeden Fall individuell und stellen die Erwartungen und W\u00fcnsche unserer Kunden grunds\u00e4tzlich in den Mittelpunkt unserers Handelns.<\/p>\n<p>Ihr Gewinn: mehr Produktionssicherheit, h\u00f6herer Durchsatz und verbesserte Produktqualit\u00e4t.<\/p>\n<p>Um unser Liefer- und Leistungsspektrum m\u00f6glichst fl\u00e4chendeckend garantieren zu k\u00f6nnen und immer nah am Kunden zu sein, ist KORFEZ ENG. auch international mit einer Vielzahl von Vertretungen pr\u00e4sent.<\/p>\n\n\t\t<\/div> \n\t<\/div> \n\t\t<\/div> \n\t<\/div> \n<\/section>\n","protected":false},"excerpt":{"rendered":"var lsjQuery = jQuery; lsjQuery(document).ready(function() { if(typeof lsjQuery.fn.layerSlider == \"undefined\") { lsShowNotice('layerslider_1','jquery'); } else { lsjQuery(\"#layerslider_1\").layerSlider({responsiveUnder: 1200, layersContainer: 1200, showCircleTimer: false, skinsPath: 'https:\/\/korfez-eng.de\/de\/wp-content\/plugins\/LayerSlider\/static\/skins\/'}) } }); ZU UNSEREM LIEFERPROGRAMMDAS UNTERNEHMEN ZU UNSEREN DIENSTLEISTUNGEN UNSER KONTAKTFORMULAR Das Unternehmen Wir als Vertriebsb\u00fcro KORFEZ ENG. mit Sitz in Neubeckum sind Ihr Ansprechpartner f\u00fcr die l\u00f6sungsorientierte technische Beratung und den Vertrieb von hochlegierten verschlei\u00df- und hitzebst\u00e4ndigen Stahlguss f\u00fcr die... <br><br><a class=\"readmore\" href=\"https:\/\/korfez-eng.de\/de\/unternehmen\/\">Read More<\/a>","protected":false},"author":1,"featured_media":0,"parent":0,"menu_order":0,"comment_status":"open","ping_status":"open","template":"","meta":[],"_links":{"self":[{"href":"https:\/\/korfez-eng.de\/de\/wp-json\/wp\/v2\/pages\/3393"}],"collection":[{"href":"https:\/\/korfez-eng.de\/de\/wp-json\/wp\/v2\/pages"}],"about":[{"href":"https:\/\/korfez-eng.de\/de\/wp-json\/wp\/v2\/types\/page"}],"author":[{"embeddable":true,"href":"https:\/\/korfez-eng.de\/de\/wp-json\/wp\/v2\/users\/1"}],"replies":[{"embeddable":true,"href":"https:\/\/korfez-eng.de\/de\/wp-json\/wp\/v2\/comments?post=3393"}],"version-history":[{"count":19,"href":"https:\/\/korfez-eng.de\/de\/wp-json\/wp\/v2\/pages\/3393\/revisions"}],"predecessor-version":[{"id":3849,"href":"https:\/\/korfez-eng.de\/de\/wp-json\/wp\/v2\/pages\/3393\/revisions\/3849"}],"wp:attachment":[{"href":"https:\/\/korfez-eng.de\/de\/wp-json\/wp\/v2\/media?parent=3393"}],"curies":[{"name":"wp","href":"https:\/\/api.w.org\/{rel}","templated":true}]}}