{"id":3383,"date":"2014-08-22T12:00:01","date_gmt":"2014-08-22T10:00:01","guid":{"rendered":"http:\/\/korfez-eng.de\/de\/?page_id=3383"},"modified":"2017-01-17T17:47:34","modified_gmt":"2017-01-17T15:47:34","slug":"dienstleistungen","status":"publish","type":"page","link":"https:\/\/korfez-eng.de\/de\/dienstleistungen\/","title":{"rendered":"Dienstleistungen"},"content":{"rendered":"<\/div><\/section><section  class=\"wpb_row vc_row-fluid full-row\">\n\t<div class=\"vc_span12 wpb_column column_container\">\n\t\t<div class=\"wpb_wrapper\">\n\t\t\t <div class=\"wpb_layerslider_element wpb_content_element\"><script type=\"text\/javascript\">var lsjQuery = jQuery;<\/script><script type=\"text\/javascript\"> lsjQuery(document).ready(function() { if(typeof lsjQuery.fn.layerSlider == \"undefined\") { lsShowNotice('layerslider_1','jquery'); } else { lsjQuery(\"#layerslider_1\").layerSlider({responsiveUnder: 1200, layersContainer: 1200, showCircleTimer: false, skinsPath: 'https:\/\/korfez-eng.de\/de\/wp-content\/plugins\/LayerSlider\/static\/skins\/'}) } }); <\/script><div id=\"layerslider_1\" class=\"ls-wp-container\" style=\"width:100%;height:532px;margin:0 auto;border-bottom:1px solid #d6d6d6;\"><div class=\"ls-slide\" data-ls=\"transition2d:11;\"><img src=\"https:\/\/korfez-eng.de\/de\/wp-content\/plugins\/LayerSlider\/static\/img\/blank.gif\" data-src=\"https:\/\/korfez-eng.de\/de\/wp-content\/uploads\/sites\/2\/2014\/08\/Header_Lieferprogramm.jpg\" class=\"ls-bg\" alt=\"Slide background\" \/><div class=\"ls-l\" style=\"top:0px;left:0px;white-space: nowrap;\"><\/div><p class=\"ls-l\" style=\"top:366px;left:489px;white-space: nowrap;\"><a class=\"button red ls-s8\" href=\"https:\/\/korfez-eng.de\/de\/lieferprogramm\/\" style=\"color:#fff; letter-spacing:1.5px; border-color:#253042;\">ZU UNSEREM LIEFERPROGRAMM<\/a><\/p><\/div><div class=\"ls-slide\" data-ls=\"transition2d:11;\"><img src=\"https:\/\/korfez-eng.de\/de\/wp-content\/plugins\/LayerSlider\/static\/img\/blank.gif\" data-src=\"https:\/\/korfez-eng.de\/de\/wp-content\/uploads\/sites\/2\/2014\/08\/Unternehmen_Header1.jpg\" class=\"ls-bg\" alt=\"Slide background\" \/><img class=\"ls-l\" style=\"top:0px;left:0px;white-space: nowrap;\" src=\"https:\/\/korfez-eng.de\/de\/wp-content\/plugins\/LayerSlider\/static\/img\/blank.gif\" data-src=\"https:\/\/korfez-eng.de\/de\/wp-content\/uploads\/sites\/2\/2014\/08\/Layout_05_Unternehmen1.png\" alt=\"\"><div class=\"ls-l\" style=\"top:365px;left:578px;white-space: nowrap;\"><a class=\"button red ls-s8\" href=\"https:\/\/korfez-eng.de\/de\/unternehmen\/\" style=\"color:#fff; letter-spacing:1.5px; border-color:#253042;\">DAS UNTERNEHMEN<\/a> <\/div><\/div><div class=\"ls-slide\" data-ls=\"transition2d:11;\"><img src=\"https:\/\/korfez-eng.de\/de\/wp-content\/plugins\/LayerSlider\/static\/img\/blank.gif\" data-src=\"https:\/\/korfez-eng.de\/de\/wp-content\/uploads\/sites\/2\/2014\/08\/Service_Header1.jpg\" class=\"ls-bg\" alt=\"Slide background\" \/><img class=\"ls-l\" style=\"top:-16px;left:-754px;white-space: nowrap;\" src=\"https:\/\/korfez-eng.de\/de\/wp-content\/plugins\/LayerSlider\/static\/img\/blank.gif\" data-src=\"https:\/\/korfez-eng.de\/de\/wp-content\/uploads\/sites\/2\/2014\/08\/Layout_05_Services1.png\" alt=\"\"><div class=\"ls-l\" style=\"top:386px;left:307px;white-space: nowrap;\"><a class=\"button red ls-s8\" href=\"https:\/\/korfez-eng.de\/de\/dienstleistungen\/\" style=\"color:#fff; letter-spacing:1.5px; border-color:#253042;\">ZU UNSEREN DIENSTLEISTUNGEN<\/a> <\/div><\/div><div class=\"ls-slide\" data-ls=\" transition2d: all;\"><img src=\"https:\/\/korfez-eng.de\/de\/wp-content\/plugins\/LayerSlider\/static\/img\/blank.gif\" data-src=\"https:\/\/korfez-eng.de\/de\/wp-content\/uploads\/sites\/2\/2014\/09\/Header_Kontakt.png\" class=\"ls-bg\" alt=\"Slide background\" \/><img class=\"ls-l\" style=\"top:0px;left:0px;white-space: nowrap;\" src=\"https:\/\/korfez-eng.de\/de\/wp-content\/plugins\/LayerSlider\/static\/img\/blank.gif\" data-src=\"https:\/\/korfez-eng.de\/de\/wp-content\/uploads\/sites\/2\/2014\/09\/Header_Kontakt_Text_DE1.png\" alt=\"\"><div class=\"ls-l\" style=\"top:363px;left:510px;white-space: nowrap;\"><a class=\"button red ls-s8\" href=\"https:\/\/korfez-eng.de\/de\/contact-2\/\" style=\"color:#fff; letter-spacing:1.5px; border-color:#253042;\">UNSER KONTAKTFORMULAR<\/a> <\/div><\/div><\/div><\/div>\n\n\t\t<\/div> \n\t<\/div> \n<\/section><section class=\"container\"><div class=\"row-wrapper-x\"><section class=\"wpb_row vc_row-fluid\">\n\t<div class=\"vc_span12 wpb_column column_container\">\n\t\t<div class=\"wpb_wrapper\">\n\t\t\t<hr class=\"vertical-space1\">\n\t\t<\/div> \n\t<\/div> \n<\/section><section class=\"wpb_row vc_row-fluid\">\n\t<div class=\"vc_span8 wpb_column column_container\">\n\t\t<div class=\"wpb_wrapper\">\n\t\t\t<h2 class=\"mex-title\">Unser Service beginnt schon, bevor Sie sich f\u00fcr unsere Produkte entscheiden<\/h2>\n\t<div class=\"wpb_text_column wpb_content_element \">\n\t\t<div class=\"wpb_wrapper\">\n\t\t\t<p>Unsere hohe und qualit\u00e4tstreue Leistungsvielfalt sowie langj\u00e4hrige und zufriedenen Kunden zeichnen uns aus. Wir bieten ein schlagkr\u00e4ftiges Netzwerk an breit ausgebildeten Mitarbeitern, die sich vor Ort problemlos und flexibel an die individuellen Anforderungen unserer Kunden anpassen.<\/p>\n\n\t\t<\/div> \n\t<\/div> \n\t\t<\/div> \n\t<\/div> \n<section class=\"wpb_row vc_row-fluid\"><\/section>\n\t<div class=\"vc_span12 wpb_column column_container\">\n\t\t<div class=\"wpb_wrapper\">\n\t\t\t<div class=\"max-title2\"><h2>Unsere Dienstleistungen<\/h2><\/div>\n\t<div class=\"wpb_text_column wpb_content_element \">\n\t\t<div class=\"wpb_wrapper\">\n\t\t\t<p style=\"text-align: center;\">F\u00fcr Sie vor Ort &#8211; jederzeit &#8211; weltweit<\/p>\n\n\t\t<\/div> \n\t<\/div> \n\t\t<\/div> \n\t<\/div> \n<\/section><section class=\"wpb_row vc_row-fluid\">\n\t<div class=\"vc_span6 wpb_column column_container\">\n\t\t<div class=\"wpb_wrapper\">\n\t\t\t<article class=\"icon-box\"><img src=\"https:\/\/korfez-eng.de\/de\/wp-content\/uploads\/sites\/2\/2014\/08\/Inspektion.jpg\" \/><h4><strong>M\u00fchleninspektion &amp; Fachberatung<\/strong><\/h4><p>Selbstverst\u00e4ndlich betreuen wir Sie auch vor Ort &#8211; wir f\u00fchren M\u00fchleninspektionen auch unter schwierigsten Bedingungen durch. Unser Serviceteam ermittelt das Optimierungspotenzial Ihrer M\u00fchle anhand der Verschlei\u00dfzust\u00e4nde einzelner Systemkomponenten. Die gewonnenen Erkenntnisse der Inspektion und die Informationen vom Kunden bilden die Grundlage f\u00fcr unsere Empfehlungen und Verbesserungsvorschl\u00e4ge f\u00fcr Ihren Mahlprozess, die in einem umfassenden Ergebnisbericht pr\u00e4sentiert werden.<\/p>\n<p>Wir w\u00fcrden uns freuen, auch Sie im Rahmen eines pers\u00f6nlichen Gespr\u00e4chs von unseren Produkten zu \u00fcberzeugen und unterbreiten Ihnen anschlie\u00dfend gerne ein individuelles Angebot.<\/p>\n<p>GEMEINSAM finden wir heraus, welche L\u00f6sung ihren Bed\u00fcrfnissen am besten entspricht.<\/p><\/article>\n\t\t<\/div> \n\t<\/div> \n\n\t<div class=\"vc_span6 wpb_column column_container\">\n\t\t<div class=\"wpb_wrapper\">\n\t\t\t<article class=\"icon-box\"><img src=\"https:\/\/korfez-eng.de\/de\/wp-content\/uploads\/sites\/2\/2014\/08\/Engineering.jpg\" \/><h4><strong>Engineering<\/strong><\/h4><p>Idee, Konzept, Auslegung &#8211; ein kundenorientierter Prozess! KORFEZ ENG. plant, konstruiert und realisiert speziell nach individuellen Anforderungen und Gegebenheiten. Unsere erfahrenen Konstrukteure erstellen f\u00fcr Sie Layouts, Zecihnungen und die dazugeh\u00f6rigen Ersatzteillisten zuverl\u00e4ssig und pr\u00e4zise. Dabei bedienen Sie sich modernster CAD-Technologien, um selbst umfassende Projekte zu verwirklichen.<\/p>\n<p>Als Ihr kompetenter und starker Partner begleiten wir Sie durch das gesamte Projekt, von der Auswahl der optimalen L\u00f6sung bis zur Inbetriebnahme! Ihr Erfolg ist unser wichtigstes Ziel.<\/p><\/article>\n\t\t<\/div> \n\t<\/div> \n<\/section><section class=\"wpb_row vc_row-fluid\">\n\t<div class=\"vc_span6 wpb_column column_container\">\n\t\t<div class=\"wpb_wrapper\">\n\t\t\t<article class=\"icon-box\"><img src=\"https:\/\/korfez-eng.de\/de\/wp-content\/uploads\/sites\/2\/2014\/08\/massaufnahme.jpg\" \/><h4><strong>Ma\u00dfaufnahme<\/strong><\/h4><p>Neben den Begutachtungen vor Ort geh\u00f6ren pr\u00e4zise Ma\u00dfaufnahmen und -kontrollen aller Komponenten, die ausgetauscht werden m\u00fcssen, zu unseren Dienstleistungen.<\/p><\/article>\n\t\t<\/div> \n\t<\/div> \n\n\t<div class=\"vc_span6 wpb_column column_container\">\n\t\t<div class=\"wpb_wrapper\">\n\t\t\t<article class=\"icon-box\"><img src=\"https:\/\/korfez-eng.de\/de\/wp-content\/uploads\/sites\/2\/2014\/08\/Montage_Ueberwachung.jpg\" \/><h4><strong>Montage\u00fcberwachung<\/strong><\/h4><p>Unser Service endet nicht mit der Auslieferung: wir kontrollieren und \u00fcberwachen den ordnungsgem\u00e4\u00dfen Einbau unserer Systemkomponenten.<\/p>\n<p>Ob mit den Teams unserer Kunden oder mit eigenem speziell geschulten Personal organisiert &#8211; die fachgerechte Montage unserer Produkte rundet unseren Service ab! So k\u00f6nnen Sie sicher sein, dass die Installation bis in Detail korrekt ausgef\u00fchrt wird.<\/p><\/article>\n\t\t<\/div> \n\t<\/div> \n<\/section>\n","protected":false},"excerpt":{"rendered":"var lsjQuery = jQuery; lsjQuery(document).ready(function() { if(typeof lsjQuery.fn.layerSlider == \"undefined\") { lsShowNotice('layerslider_1','jquery'); } else { lsjQuery(\"#layerslider_1\").layerSlider({responsiveUnder: 1200, layersContainer: 1200, showCircleTimer: false, skinsPath: 'https:\/\/korfez-eng.de\/de\/wp-content\/plugins\/LayerSlider\/static\/skins\/'}) } }); ZU UNSEREM LIEFERPROGRAMMDAS UNTERNEHMEN ZU UNSEREN DIENSTLEISTUNGEN UNSER KONTAKTFORMULAR Unser Service beginnt schon, bevor Sie sich f\u00fcr unsere Produkte entscheiden Unsere hohe und qualit\u00e4tstreue Leistungsvielfalt sowie langj\u00e4hrige und zufriedenen Kunden zeichnen uns aus. Wir bieten ein schlagkr\u00e4ftiges Netzwerk an... <br><br><a class=\"readmore\" href=\"https:\/\/korfez-eng.de\/de\/dienstleistungen\/\">Read More<\/a>","protected":false},"author":1,"featured_media":0,"parent":0,"menu_order":0,"comment_status":"closed","ping_status":"closed","template":"","meta":[],"_links":{"self":[{"href":"https:\/\/korfez-eng.de\/de\/wp-json\/wp\/v2\/pages\/3383"}],"collection":[{"href":"https:\/\/korfez-eng.de\/de\/wp-json\/wp\/v2\/pages"}],"about":[{"href":"https:\/\/korfez-eng.de\/de\/wp-json\/wp\/v2\/types\/page"}],"author":[{"embeddable":true,"href":"https:\/\/korfez-eng.de\/de\/wp-json\/wp\/v2\/users\/1"}],"replies":[{"embeddable":true,"href":"https:\/\/korfez-eng.de\/de\/wp-json\/wp\/v2\/comments?post=3383"}],"version-history":[{"count":28,"href":"https:\/\/korfez-eng.de\/de\/wp-json\/wp\/v2\/pages\/3383\/revisions"}],"predecessor-version":[{"id":3850,"href":"https:\/\/korfez-eng.de\/de\/wp-json\/wp\/v2\/pages\/3383\/revisions\/3850"}],"wp:attachment":[{"href":"https:\/\/korfez-eng.de\/de\/wp-json\/wp\/v2\/media?parent=3383"}],"curies":[{"name":"wp","href":"https:\/\/api.w.org\/{rel}","templated":true}]}}