{"id":2556,"date":"2014-06-17T10:30:15","date_gmt":"2014-06-17T10:30:15","guid":{"rendered":"http:\/\/webnus.biz\/themes\/brazil-wp\/?page_id=2556"},"modified":"2018-07-10T14:24:58","modified_gmt":"2018-07-10T12:24:58","slug":"home-main2","status":"publish","type":"page","link":"https:\/\/korfez-eng.de\/de\/","title":{"rendered":"Startseite"},"content":{"rendered":"<\/div><\/section><section  class=\"wpb_row vc_row-fluid full-row\">\n\t<div class=\"vc_span12 wpb_column column_container\">\n\t\t<div class=\"wpb_wrapper\">\n\t\t\t <div class=\"wpb_layerslider_element wpb_content_element\"><script type=\"text\/javascript\">var lsjQuery = jQuery;<\/script><script type=\"text\/javascript\"> lsjQuery(document).ready(function() { if(typeof lsjQuery.fn.layerSlider == \"undefined\") { lsShowNotice('layerslider_1','jquery'); } else { lsjQuery(\"#layerslider_1\").layerSlider({responsiveUnder: 1200, layersContainer: 1200, showCircleTimer: false, skinsPath: 'https:\/\/korfez-eng.de\/de\/wp-content\/plugins\/LayerSlider\/static\/skins\/'}) } }); <\/script><div id=\"layerslider_1\" class=\"ls-wp-container\" style=\"width:100%;height:532px;margin:0 auto;border-bottom:1px solid #d6d6d6;\"><div class=\"ls-slide\" data-ls=\"transition2d:11;\"><img src=\"https:\/\/korfez-eng.de\/de\/wp-content\/plugins\/LayerSlider\/static\/img\/blank.gif\" data-src=\"https:\/\/korfez-eng.de\/de\/wp-content\/uploads\/sites\/2\/2014\/08\/Header_Lieferprogramm.jpg\" class=\"ls-bg\" alt=\"Slide background\" \/><div class=\"ls-l\" style=\"top:0px;left:0px;white-space: nowrap;\"><\/div><p class=\"ls-l\" style=\"top:366px;left:489px;white-space: nowrap;\"><a class=\"button red ls-s8\" href=\"https:\/\/korfez-eng.de\/de\/lieferprogramm\/\" style=\"color:#fff; letter-spacing:1.5px; border-color:#253042;\">ZU UNSEREM LIEFERPROGRAMM<\/a><\/p><\/div><div class=\"ls-slide\" data-ls=\"transition2d:11;\"><img src=\"https:\/\/korfez-eng.de\/de\/wp-content\/plugins\/LayerSlider\/static\/img\/blank.gif\" data-src=\"https:\/\/korfez-eng.de\/de\/wp-content\/uploads\/sites\/2\/2014\/08\/Unternehmen_Header1.jpg\" class=\"ls-bg\" alt=\"Slide background\" \/><img class=\"ls-l\" style=\"top:0px;left:0px;white-space: nowrap;\" src=\"https:\/\/korfez-eng.de\/de\/wp-content\/plugins\/LayerSlider\/static\/img\/blank.gif\" data-src=\"https:\/\/korfez-eng.de\/de\/wp-content\/uploads\/sites\/2\/2014\/08\/Layout_05_Unternehmen1.png\" alt=\"\"><div class=\"ls-l\" style=\"top:365px;left:578px;white-space: nowrap;\"><a class=\"button red ls-s8\" href=\"https:\/\/korfez-eng.de\/de\/unternehmen\/\" style=\"color:#fff; letter-spacing:1.5px; border-color:#253042;\">DAS UNTERNEHMEN<\/a> <\/div><\/div><div class=\"ls-slide\" data-ls=\"transition2d:11;\"><img src=\"https:\/\/korfez-eng.de\/de\/wp-content\/plugins\/LayerSlider\/static\/img\/blank.gif\" data-src=\"https:\/\/korfez-eng.de\/de\/wp-content\/uploads\/sites\/2\/2014\/08\/Service_Header1.jpg\" class=\"ls-bg\" alt=\"Slide background\" \/><img class=\"ls-l\" style=\"top:-16px;left:-754px;white-space: nowrap;\" src=\"https:\/\/korfez-eng.de\/de\/wp-content\/plugins\/LayerSlider\/static\/img\/blank.gif\" data-src=\"https:\/\/korfez-eng.de\/de\/wp-content\/uploads\/sites\/2\/2014\/08\/Layout_05_Services1.png\" alt=\"\"><div class=\"ls-l\" style=\"top:386px;left:307px;white-space: nowrap;\"><a class=\"button red ls-s8\" href=\"https:\/\/korfez-eng.de\/de\/dienstleistungen\/\" style=\"color:#fff; letter-spacing:1.5px; border-color:#253042;\">ZU UNSEREN DIENSTLEISTUNGEN<\/a> <\/div><\/div><div class=\"ls-slide\" data-ls=\" transition2d: all;\"><img src=\"https:\/\/korfez-eng.de\/de\/wp-content\/plugins\/LayerSlider\/static\/img\/blank.gif\" data-src=\"https:\/\/korfez-eng.de\/de\/wp-content\/uploads\/sites\/2\/2014\/09\/Header_Kontakt.png\" class=\"ls-bg\" alt=\"Slide background\" \/><img class=\"ls-l\" style=\"top:0px;left:0px;white-space: nowrap;\" src=\"https:\/\/korfez-eng.de\/de\/wp-content\/plugins\/LayerSlider\/static\/img\/blank.gif\" data-src=\"https:\/\/korfez-eng.de\/de\/wp-content\/uploads\/sites\/2\/2014\/09\/Header_Kontakt_Text_DE1.png\" alt=\"\"><div class=\"ls-l\" style=\"top:363px;left:510px;white-space: nowrap;\"><a class=\"button red ls-s8\" href=\"https:\/\/korfez-eng.de\/de\/contact-2\/\" style=\"color:#fff; letter-spacing:1.5px; border-color:#253042;\">UNSER KONTAKTFORMULAR<\/a> <\/div><\/div><\/div><\/div>\n\n\t\t<\/div> \n\t<\/div> \n<\/section><section class=\"container\"><div class=\"row-wrapper-x\"><\/div><\/section><section class=\"blox  \" style=\" padding-top:10px; padding-bottom:30px;  min-height:px;  background-color:#f8f8f8;\"><div class=\"max-overlay\" style=\"opacity:1.0;background-color:\"><\/div><div class=\"wpb_row vc_row-fluid full-row\"><div class=\"container\">\n\t<div class=\"vc_span12 wpb_column column_container\">\n\t\t<div class=\"wpb_wrapper\">\n\t\t\t<hr class=\"vertical-space1\"><div class=\"max-title3\"><h2>Qualit\u00e4t und Service<\/h2><\/div>\n\t<div class=\"wpb_text_column wpb_content_element  startseite-header-text\">\n\t\t<div class=\"wpb_wrapper\">\n\t\t\t<p style=\"text-align: center;\">Wir sind ihr Ansprechpartner f\u00fcr die l\u00f6sungsorientierte technische Beratung und den Vertrieb von hochlegierten verschlei\u00df- und hitzebest\u00e4ndigen Stahlguss.<\/p>\n\n\t\t<\/div> \n\t<\/div> <hr class=\"vertical-space3\"><div class=\"vc_separator wpb_content_element vc_el_width_100 vc_sep_color_grey\">\n\t<span class=\"vc_sep_holder vc_sep_holder_l\"><span class=\"vc_sep_line\"><\/span><\/span>\n\t\t<span class=\"vc_sep_holder vc_sep_holder_r\"><span class=\"vc_sep_line\"><\/span><\/span>\n<\/div>\n\n<hr class=\"vertical-space3\"><section class=\"wpb_row vc_row-fluid\">\n\t<div class=\"vc_span6 brdr-r1 wpb_column column_container\">\n\t\t<div class=\"wpb_wrapper\">\n\t\t\t<article class=\"icon-box\"><h4><strong>Ein zuverl\u00e4ssiger Partner<\/strong><\/h4><p><img style=\"float: right; margin-left: 1em; width: 200px;\" src=\"https:\/\/korfez-eng.de\/de\/wp-content\/uploads\/sites\/2\/2014\/08\/unternehmen.jpg\" alt=\"\" \/>Wir sind Ihr Ansprechpartner f\u00fcr die l\u00f6sungsorientierte technische Beratung und den Vertrieb von hochlegierten verschlei\u00df- und hitzebest\u00e4ndigen Stahlguss f\u00fcr die Zement- und Mining-Industrie. Unser Partner, die t\u00fcrkische Gie\u00dferei KORFEZ DOKUM, ans\u00e4ssig in der N\u00e4he von Istanbul, produziert seit 1988 auf \u00fcber 12.000 m\u00b2 bebauter Fl\u00e4che Stahlgussteile mit einem Gewicht von 0,500 kg bis 6.000 kg. 300 Mitarbeiter erzielen hier eine Leistung von ca. 10.000 t Stahlguss im Jahr.<br \/>\n<\/p><a class=\"magicmore\" href=\"https:\/\/korfez-eng.de\/de\/unternehmen\/\">Informationen zum Unternehmen<\/a><\/article>\n\t\t<\/div> \n\t<\/div> \n\n\t<div class=\"vc_span6 brdr-r1 wpb_column column_container\">\n\t\t<div class=\"wpb_wrapper\">\n\t\t\t<article class=\"icon-box\"><h4><strong>Weltweiter Service<\/strong><\/h4><p><img style=\"float: right; margin-left: 1em; width: 200px;\" src=\"https:\/\/korfez-eng.de\/de\/wp-content\/uploads\/sites\/2\/2014\/08\/services1.jpg\" alt=\"\" \/>Unser Service beginnt schon, bevor Sie sich f\u00fcr unsere Produkte entscheiden. Unsere hohe und qualit\u00e4tstreue Leistungsvielfalt sowie langj\u00e4hrige und zufriedenen Kunden zeichnen uns aus.<br \/>\nWir bieten ein schlagkr\u00e4ftiges Netzwerk an breit ausgebildeten Mitarbeitern, die sich vor Ort problemlos und flexibel an die individuellen Anforderungen unserer Kunden anpassen.<\/p><a class=\"magicmore\" href=\"https:\/\/korfez-eng.de\/de\/dienstleistungen\/\">Zu unseren Services<\/a><\/article>\n\t\t<\/div> \n\t<\/div> \n<\/section><hr class=\"vertical-space3\">\n\t\t<\/div> \n\t<\/div> \n<\/div><\/div><\/section><section class=\"container\"><div class=\"row-wrapper-x\"><\/div><\/section><section class=\"blox  \" style=\" padding-top:; padding-bottom:;  min-height:132px;  background-color:#f7f7f7;\"><div class=\"max-overlay\" style=\"opacity:1.0;background-color:\"><\/div><div class=\"wpb_row vc_row-fluid full-row\"><div class=\"container\">\n\t<div class=\"vc_span12 wpb_column column_container\">\n\t\t<div class=\"wpb_wrapper\">\n\t\t\t<hr class=\"vertical-space1\"><div class=\"max-title2\"><h2>Wir liefern Ersatzteile f\u00fcr folgende Anlagenkomponenten:<\/h2><\/div>\n\t\t<\/div> \n\t<\/div> \n<\/div><\/div><\/section><section class=\"container\"><div class=\"row-wrapper-x\"><\/div><\/section><section  class=\"wpb_row vc_row-fluid full-row\">\n\t<div class=\"vc_span12 wpb_column column_container\">\n\t\t<div class=\"wpb_wrapper\">\n\t\t\t<section class=\"latest-works col4-w \">   \t\n<hr class=\"vertical-space1\">\n<div class=\"icon-top-title aligncenter\">\n<nav class=\"primary clearfix\">\n<div class=\"portfolioFilters\">\n<a href=\"#\" class=\"selected\" data-filter=\"*\">alle<\/a>\n\n<\/div>\t\n<\/nav>\n\n\n<\/div>\n<hr class=\"vertical-space2\">\n<div class=\"portfolio \">\n<figure class=\"portfolio-item   \">\n<div class=\"img-item\"><img src=\"https:\/\/korfez-eng.de\/de\/wp-content\/uploads\/sites\/2\/2014\/08\/prallbrecher-650x520.jpg\" alt=\"BRECHER\" class=\"Full portfolio_full \" \/><div class=\"zoomex2\"><h6>BRECHER<br><small>25 Aug. 2014<\/small><\/h6>\n<a href=\"https:\/\/korfez-eng.de\/de\/wp-content\/uploads\/sites\/2\/2014\/08\/prallbrecher.jpg\" class=\"prettyPhoto zoomlink1\" ><i class=\"icomoon-plus\"><\/i><\/a><a href=\"https:\/\/korfez-eng.de\/de\/portfolio-items\/brecher\/\" class=\"zoomlink2\" ><i class=\"icomoon-arrow-right-5\"><\/i><\/a><\/div><\/div>\n<\/figure>\n<figure class=\"portfolio-item   \">\n<div class=\"img-item\"><img src=\"https:\/\/korfez-eng.de\/de\/wp-content\/uploads\/sites\/2\/2014\/08\/Plattenband_Foerdertechnik-650x520.jpg\" alt=\"F\u00d6RDERTECHNIK\" class=\"Full portfolio_full \" \/><div class=\"zoomex2\"><h6>F\u00d6RDERTECHNIK<br><small>24 Aug. 2014<\/small><\/h6>\n<a href=\"https:\/\/korfez-eng.de\/de\/wp-content\/uploads\/sites\/2\/2014\/08\/Plattenband_Foerdertechnik.jpg\" class=\"prettyPhoto zoomlink1\" ><i class=\"icomoon-plus\"><\/i><\/a><a href=\"https:\/\/korfez-eng.de\/de\/portfolio-items\/foerdertechnik\/\" class=\"zoomlink2\" ><i class=\"icomoon-arrow-right-5\"><\/i><\/a><\/div><\/div>\n<\/figure>\n<figure class=\"portfolio-item   \">\n<div class=\"img-item\"><img src=\"https:\/\/korfez-eng.de\/de\/wp-content\/uploads\/sites\/2\/2014\/08\/vertikalmuehle_02-650x520.jpg\" alt=\"VERTIKALM\u00dcHLEN\" class=\"Full portfolio_full \" \/><div class=\"zoomex2\"><h6>VERTIKALM\u00dcHLEN<br><small>23 Aug. 2014<\/small><\/h6>\n<a href=\"https:\/\/korfez-eng.de\/de\/wp-content\/uploads\/sites\/2\/2014\/08\/vertikalmuehle_02-e1409043285752.jpg\" class=\"prettyPhoto zoomlink1\" ><i class=\"icomoon-plus\"><\/i><\/a><a href=\"https:\/\/korfez-eng.de\/de\/portfolio-items\/vertikalmuehlen\/\" class=\"zoomlink2\" ><i class=\"icomoon-arrow-right-5\"><\/i><\/a><\/div><\/div>\n<\/figure>\n<figure class=\"portfolio-item   \">\n<div class=\"img-item\"><img src=\"https:\/\/korfez-eng.de\/de\/wp-content\/uploads\/sites\/2\/2014\/08\/Zyklonvorw\u00e4rmer-650x520.jpg\" alt=\"ZYKLONVORW\u00c4RMER\" class=\"Full portfolio_full \" \/><div class=\"zoomex2\"><h6>ZYKLONVORW\u00c4RMER<br><small>21 Aug. 2014<\/small><\/h6>\n<a href=\"https:\/\/korfez-eng.de\/de\/wp-content\/uploads\/sites\/2\/2014\/08\/Zyklonvorw\u00e4rmer.jpg\" class=\"prettyPhoto zoomlink1\" ><i class=\"icomoon-plus\"><\/i><\/a><a href=\"https:\/\/korfez-eng.de\/de\/portfolio-items\/zyklonvorwaermer\/\" class=\"zoomlink2\" ><i class=\"icomoon-arrow-right-5\"><\/i><\/a><\/div><\/div>\n<\/figure>\n<figure class=\"portfolio-item   \">\n<div class=\"img-item\"><img src=\"https:\/\/korfez-eng.de\/de\/wp-content\/uploads\/sites\/2\/2014\/08\/ofen-650x520.jpg\" alt=\"OFEN\" class=\"Full portfolio_full \" \/><div class=\"zoomex2\"><h6>OFEN<br><small>20 Aug. 2014<\/small><\/h6>\n<a href=\"https:\/\/korfez-eng.de\/de\/wp-content\/uploads\/sites\/2\/2014\/08\/ofen.jpg\" class=\"prettyPhoto zoomlink1\" ><i class=\"icomoon-plus\"><\/i><\/a><a href=\"https:\/\/korfez-eng.de\/de\/portfolio-items\/ofen\/\" class=\"zoomlink2\" ><i class=\"icomoon-arrow-right-5\"><\/i><\/a><\/div><\/div>\n<\/figure>\n<figure class=\"portfolio-item   \">\n<div class=\"img-item\"><img src=\"https:\/\/korfez-eng.de\/de\/wp-content\/uploads\/sites\/2\/2014\/08\/Klinkerk\u00fchler-650x520.jpg\" alt=\"KLINKERK\u00dcHLER\" class=\"Full portfolio_full \" \/><div class=\"zoomex2\"><h6>KLINKERK\u00dcHLER<br><small>16 Aug. 2014<\/small><\/h6>\n<a href=\"https:\/\/korfez-eng.de\/de\/wp-content\/uploads\/sites\/2\/2014\/08\/Klinkerk\u00fchler.jpg\" class=\"prettyPhoto zoomlink1\" ><i class=\"icomoon-plus\"><\/i><\/a><a href=\"https:\/\/korfez-eng.de\/de\/portfolio-items\/klinkerkuehler\/\" class=\"zoomlink2\" ><i class=\"icomoon-arrow-right-5\"><\/i><\/a><\/div><\/div>\n<\/figure>\n<figure class=\"portfolio-item   \">\n<div class=\"img-item\"><img src=\"https:\/\/korfez-eng.de\/de\/wp-content\/uploads\/sites\/2\/2014\/08\/Kugelm\u00fchle-650x520.jpg\" alt=\"KUGELM\u00dcHLEN\" class=\"Full portfolio_full \" \/><div class=\"zoomex2\"><h6>KUGELM\u00dcHLEN<br><small>15 Aug. 2014<\/small><\/h6>\n<a href=\"https:\/\/korfez-eng.de\/de\/wp-content\/uploads\/sites\/2\/2014\/08\/Kugelm\u00fchle.jpg\" class=\"prettyPhoto zoomlink1\" ><i class=\"icomoon-plus\"><\/i><\/a><a href=\"https:\/\/korfez-eng.de\/de\/portfolio-items\/kugelmuehlen\/\" class=\"zoomlink2\" ><i class=\"icomoon-arrow-right-5\"><\/i><\/a><\/div><\/div>\n<\/figure>\n      <!-- end-portfolio-item-->\n         \n\n      <!-- end-portfolio-item-->\n\t\t\t <\/div>\t\n<\/section>\n\t\t<\/div> \n\t<\/div> \n<\/section><section class=\"container\"><div class=\"row-wrapper-x\"><section class=\"wpb_row vc_row-fluid\">\n\t<div class=\"vc_span12 wpb_column column_container\">\n\t\t<div class=\"wpb_wrapper\">\n\t\t\t<hr class=\"vertical-space1\"><div class=\"max-title2\"><h2>Aktuelles<\/h2><\/div>\n\t\t<\/div> \n\t<\/div> \n<\/section><section class=\"wpb_row vc_row-fluid\">\n\t<div class=\"vc_span12 wpb_column column_container\">\n\t\t<div class=\"wpb_wrapper\">\n\t\t\t      \t  <div class=\"col-md-3 col-sm-3\"><article class=\"latest-b\">\n\t  <figure class=\"latest-img\"><img src=\"https:\/\/korfez-eng.de\/de\/wp-content\/uploads\/sites\/2\/2015\/11\/News_Fair1-420x237.jpg\" alt=\"News_Fair1\" class=\"thumbnail home_lfb \" \/><\/figure>\n\t\t<div class=\"latest-content\">\n\t\t<p class=\"latest-date\">09 Mai 22<\/p>\n\t\t<h3 class=\"latest-title\"><a href=\"https:\/\/korfez-eng.de\/de\/2022\/05\/09\/meet-us-at-bauma-2016\/\">Meet us at BAUMA 2022<\/a><\/h3>\n\t\t<p class=\"latest-author\">by woznykorfez in <a href=\"https:\/\/korfez-eng.de\/de\/category\/allgemein\/\" rel=\"category tag\">Allgemein<\/a><\/p>  \n\t\t<\/div> \n      <\/article><\/div>\n      \t  <div class=\"col-md-3 col-sm-3\"><article class=\"latest-b\">\n\t  <figure class=\"latest-img\"><img src=\"https:\/\/korfez-eng.de\/de\/wp-content\/uploads\/sites\/2\/2016\/02\/003-420x237.jpg\" alt=\"KORFEZ ENG. heading for success\" class=\"thumbnail home_lfb \" \/><\/figure>\n\t\t<div class=\"latest-content\">\n\t\t<p class=\"latest-date\">19 Feb. 16<\/p>\n\t\t<h3 class=\"latest-title\"><a href=\"https:\/\/korfez-eng.de\/de\/2016\/02\/19\/korfez-eng-heading-for-success\/\">KORFEZ ENG. heading for success<\/a><\/h3>\n\t\t<p class=\"latest-author\">by admin in <a href=\"https:\/\/korfez-eng.de\/de\/category\/allgemein\/\" rel=\"category tag\">Allgemein<\/a><\/p>  \n\t\t<\/div> \n      <\/article><\/div>\n      \t  <div class=\"col-md-3 col-sm-3\"><article class=\"latest-b\">\n\t  <figure class=\"latest-img\"><img src=\"https:\/\/korfez-eng.de\/de\/wp-content\/uploads\/sites\/2\/2016\/02\/002-420x237.jpg\" alt=\"Major project for KORFEZ ENG.\" class=\"thumbnail home_lfb \" \/><\/figure>\n\t\t<div class=\"latest-content\">\n\t\t<p class=\"latest-date\">10 Feb. 16<\/p>\n\t\t<h3 class=\"latest-title\"><a href=\"https:\/\/korfez-eng.de\/de\/2016\/02\/10\/major-project-for-korfez-eng\/\">Major project for KORFEZ ENG.<\/a><\/h3>\n\t\t<p class=\"latest-author\">by admin in <a href=\"https:\/\/korfez-eng.de\/de\/category\/allgemein\/\" rel=\"category tag\">Allgemein<\/a><\/p>  \n\t\t<\/div> \n      <\/article><\/div>\n      \t  <div class=\"col-md-3 col-sm-3\"><article class=\"latest-b\">\n\t  <figure class=\"latest-img\"><img src=\"https:\/\/korfez-eng.de\/de\/wp-content\/uploads\/sites\/2\/2015\/12\/NEWS_TRACTUR-420x237.jpg\" alt=\"NEWS_TRACTUR\" class=\"thumbnail home_lfb \" \/><\/figure>\n\t\t<div class=\"latest-content\">\n\t\t<p class=\"latest-date\">23 Dez. 15<\/p>\n\t\t<h3 class=\"latest-title\"><a href=\"https:\/\/korfez-eng.de\/de\/2015\/12\/23\/wave-lining-for-turkey\/\">Wave lining for Turkey<\/a><\/h3>\n\t\t<p class=\"latest-author\">by woznykorfez in <a href=\"https:\/\/korfez-eng.de\/de\/category\/allgemein\/\" rel=\"category tag\">Allgemein<\/a><\/p>  \n\t\t<\/div> \n      <\/article><\/div>\n      \t\n\t\t<\/div> \n\t<\/div> \n<\/section>\n","protected":false},"excerpt":{"rendered":"KORFEZ ENG. has received an order to convert a cement mill from two grinding chambers to one by means of a new mill shell lining system. This new order is within 2 years the third major order from a private cement customers north of Istanbul. This new mill shell lining, type WAVE 35\/55, will be installed in a cement mill with a diameter of... <br><br><a class=\"readmore\" href=\"https:\/\/korfez-eng.de\/de\/2015\/12\/23\/wave-lining-for-turkey\/\">Read More<\/a>","protected":false},"author":1,"featured_media":0,"parent":0,"menu_order":0,"comment_status":"closed","ping_status":"closed","template":"","meta":[],"_links":{"self":[{"href":"https:\/\/korfez-eng.de\/de\/wp-json\/wp\/v2\/pages\/2556"}],"collection":[{"href":"https:\/\/korfez-eng.de\/de\/wp-json\/wp\/v2\/pages"}],"about":[{"href":"https:\/\/korfez-eng.de\/de\/wp-json\/wp\/v2\/types\/page"}],"author":[{"embeddable":true,"href":"https:\/\/korfez-eng.de\/de\/wp-json\/wp\/v2\/users\/1"}],"replies":[{"embeddable":true,"href":"https:\/\/korfez-eng.de\/de\/wp-json\/wp\/v2\/comments?post=2556"}],"version-history":[{"count":40,"href":"https:\/\/korfez-eng.de\/de\/wp-json\/wp\/v2\/pages\/2556\/revisions"}],"predecessor-version":[{"id":3884,"href":"https:\/\/korfez-eng.de\/de\/wp-json\/wp\/v2\/pages\/2556\/revisions\/3884"}],"wp:attachment":[{"href":"https:\/\/korfez-eng.de\/de\/wp-json\/wp\/v2\/media?parent=2556"}],"curies":[{"name":"wp","href":"https:\/\/api.w.org\/{rel}","templated":true}]}}